{"id":9720,"date":"2022-03-29T18:05:50","date_gmt":"2022-03-29T21:05:50","guid":{"rendered":"http:\/\/reformacioneconomica.desarrollobelat.cl\/?page_id=9720"},"modified":"2023-05-10T17:59:00","modified_gmt":"2023-05-10T21:59:00","slug":"encuesta-curso","status":"publish","type":"page","link":"https:\/\/reformacioneconomica.bancaeticalat.com\/pt\/encuesta-curso\/","title":{"rendered":"Encuesta curso"},"content":{"rendered":"<div data-elementor-type=\"wp-page\" data-elementor-id=\"9720\" class=\"elementor elementor-9720\" data-elementor-settings=\"{&quot;element_pack_global_tooltip_width&quot;:{&quot;unit&quot;:&quot;px&quot;,&quot;size&quot;:&quot;&quot;,&quot;sizes&quot;:[]},&quot;element_pack_global_tooltip_width_tablet&quot;:{&quot;unit&quot;:&quot;px&quot;,&quot;size&quot;:&quot;&quot;,&quot;sizes&quot;:[]},&quot;element_pack_global_tooltip_width_mobile&quot;:{&quot;unit&quot;:&quot;px&quot;,&quot;size&quot;:&quot;&quot;,&quot;sizes&quot;:[]},&quot;element_pack_global_tooltip_padding&quot;:{&quot;unit&quot;:&quot;px&quot;,&quot;top&quot;:&quot;&quot;,&quot;right&quot;:&quot;&quot;,&quot;bottom&quot;:&quot;&quot;,&quot;left&quot;:&quot;&quot;,&quot;isLinked&quot;:true},&quot;element_pack_global_tooltip_padding_tablet&quot;:{&quot;unit&quot;:&quot;px&quot;,&quot;top&quot;:&quot;&quot;,&quot;right&quot;:&quot;&quot;,&quot;bottom&quot;:&quot;&quot;,&quot;left&quot;:&quot;&quot;,&quot;isLinked&quot;:true},&quot;element_pack_global_tooltip_padding_mobile&quot;:{&quot;unit&quot;:&quot;px&quot;,&quot;top&quot;:&quot;&quot;,&quot;right&quot;:&quot;&quot;,&quot;bottom&quot;:&quot;&quot;,&quot;left&quot;:&quot;&quot;,&quot;isLinked&quot;:true},&quot;element_pack_global_tooltip_border_radius&quot;:{&quot;unit&quot;:&quot;px&quot;,&quot;top&quot;:&quot;&quot;,&quot;right&quot;:&quot;&quot;,&quot;bottom&quot;:&quot;&quot;,&quot;left&quot;:&quot;&quot;,&quot;isLinked&quot;:true},&quot;element_pack_global_tooltip_border_radius_tablet&quot;:{&quot;unit&quot;:&quot;px&quot;,&quot;top&quot;:&quot;&quot;,&quot;right&quot;:&quot;&quot;,&quot;bottom&quot;:&quot;&quot;,&quot;left&quot;:&quot;&quot;,&quot;isLinked&quot;:true},&quot;element_pack_global_tooltip_border_radius_mobile&quot;:{&quot;unit&quot;:&quot;px&quot;,&quot;top&quot;:&quot;&quot;,&quot;right&quot;:&quot;&quot;,&quot;bottom&quot;:&quot;&quot;,&quot;left&quot;:&quot;&quot;,&quot;isLinked&quot;:true}}\" data-elementor-post-type=\"page\">\n\t\t\t\t\t\t<section class=\"elementor-section elementor-top-section elementor-element elementor-element-b1aca2f elementor-section-full_width elementor-hidden-mobile elementor-section-height-default elementor-section-height-default\" data-id=\"b1aca2f\" data-element_type=\"section\">\n\t\t\t\t\t\t<div class=\"elementor-container elementor-column-gap-no\">\n\t\t\t\t\t<div class=\"elementor-column elementor-col-100 elementor-top-column elementor-element elementor-element-8ae0084\" data-id=\"8ae0084\" data-element_type=\"column\">\n\t\t\t<div class=\"elementor-widget-wrap elementor-element-populated\">\n\t\t\t\t\t\t<div class=\"elementor-element elementor-element-f3f5df4 elementor-widget elementor-widget-image\" data-id=\"f3f5df4\" data-element_type=\"widget\" data-widget_type=\"image.default\">\n\t\t\t\t\t\t\t\t\t\t\t\t\t\t\t<img fetchpriority=\"high\" decoding=\"async\" width=\"800\" height=\"223\" src=\"https:\/\/reformacioneconomica.bancaeticalat.com\/wp-content\/uploads\/2023\/05\/BEL_Banner-editada-1024x285.png\" class=\"attachment-large size-large wp-image-11165\" alt=\"\" srcset=\"https:\/\/reformacioneconomica.bancaeticalat.com\/wp-content\/uploads\/2023\/05\/BEL_Banner-editada-1024x285.png 1024w, https:\/\/reformacioneconomica.bancaeticalat.com\/wp-content\/uploads\/2023\/05\/BEL_Banner-editada-300x84.png 300w, https:\/\/reformacioneconomica.bancaeticalat.com\/wp-content\/uploads\/2023\/05\/BEL_Banner-editada-768x214.png 768w, https:\/\/reformacioneconomica.bancaeticalat.com\/wp-content\/uploads\/2023\/05\/BEL_Banner-editada-1536x428.png 1536w, https:\/\/reformacioneconomica.bancaeticalat.com\/wp-content\/uploads\/2023\/05\/BEL_Banner-editada-18x5.png 18w, https:\/\/reformacioneconomica.bancaeticalat.com\/wp-content\/uploads\/2023\/05\/BEL_Banner-editada-600x167.png 600w, https:\/\/reformacioneconomica.bancaeticalat.com\/wp-content\/uploads\/2023\/05\/BEL_Banner-editada.png 1591w\" sizes=\"(max-width: 800px) 100vw, 800px\" \/>\t\t\t\t\t\t\t\t\t\t\t\t\t\t\t<\/div>\n\t\t\t\t\t<\/div>\n\t\t<\/div>\n\t\t\t\t\t<\/div>\n\t\t<\/section>\n\t\t\t\t<section class=\"elementor-section elementor-top-section elementor-element elementor-element-41a156e elementor-section-full_width elementor-hidden-desktop elementor-hidden-tablet elementor-section-height-default elementor-section-height-default\" data-id=\"41a156e\" data-element_type=\"section\">\n\t\t\t\t\t\t<div class=\"elementor-container elementor-column-gap-no\">\n\t\t\t\t\t<div class=\"elementor-column elementor-col-100 elementor-top-column elementor-element elementor-element-a1befe5\" data-id=\"a1befe5\" data-element_type=\"column\">\n\t\t\t<div class=\"elementor-widget-wrap elementor-element-populated\">\n\t\t\t\t\t\t<div class=\"elementor-element elementor-element-a39fd88 elementor-widget elementor-widget-image\" data-id=\"a39fd88\" data-element_type=\"widget\" data-widget_type=\"image.default\">\n\t\t\t\t\t\t\t\t\t\t\t\t\t\t\t<img decoding=\"async\" width=\"600\" height=\"400\" src=\"https:\/\/reformacioneconomica.bancaeticalat.com\/wp-content\/uploads\/2023\/05\/baner-foto-mobile-editada.jpg\" class=\"attachment-large size-large wp-image-11164\" alt=\"\" srcset=\"https:\/\/reformacioneconomica.bancaeticalat.com\/wp-content\/uploads\/2023\/05\/baner-foto-mobile-editada.jpg 600w, https:\/\/reformacioneconomica.bancaeticalat.com\/wp-content\/uploads\/2023\/05\/baner-foto-mobile-editada-300x200.jpg 300w, https:\/\/reformacioneconomica.bancaeticalat.com\/wp-content\/uploads\/2023\/05\/baner-foto-mobile-editada-18x12.jpg 18w\" sizes=\"(max-width: 600px) 100vw, 600px\" \/>\t\t\t\t\t\t\t\t\t\t\t\t\t\t\t<\/div>\n\t\t\t\t\t<\/div>\n\t\t<\/div>\n\t\t\t\t\t<\/div>\n\t\t<\/section>\n\t\t\t\t<section class=\"elementor-section elementor-top-section elementor-element elementor-element-68111a95 elementor-section-boxed elementor-section-height-default elementor-section-height-default\" data-id=\"68111a95\" data-element_type=\"section\">\n\t\t\t\t\t\t<div class=\"elementor-container elementor-column-gap-default\">\n\t\t\t\t\t<div class=\"elementor-column elementor-col-100 elementor-top-column elementor-element elementor-element-719fd647\" data-id=\"719fd647\" data-element_type=\"column\">\n\t\t\t<div class=\"elementor-widget-wrap elementor-element-populated\">\n\t\t\t\t\t\t<div class=\"elementor-element elementor-element-256de730 elementor-widget elementor-widget-heading\" data-id=\"256de730\" data-element_type=\"widget\" data-widget_type=\"heading.default\">\n\t\t\t\t\t<h5 class=\"elementor-heading-title elementor-size-default\">Estamos muito felizes por voc\u00ea ter compartilhado conosco esta viagem. Gostar\u00edamos de convid\u00e1-lo a responder a pesquisa abaixo, que nos ajudar\u00e1 a melhorar as pr\u00f3ximas edi\u00e7\u00f5es.<\/h5>\t\t\t\t<\/div>\n\t\t\t\t\t<\/div>\n\t\t<\/div>\n\t\t\t\t\t<\/div>\n\t\t<\/section>\n\t\t\t\t<section class=\"elementor-section elementor-top-section elementor-element elementor-element-33b793c elementor-section-boxed elementor-section-height-default elementor-section-height-default\" data-id=\"33b793c\" data-element_type=\"section\">\n\t\t\t\t\t\t<div class=\"elementor-container elementor-column-gap-default\">\n\t\t\t\t\t<div class=\"elementor-column elementor-col-100 elementor-top-column elementor-element elementor-element-606d68b\" data-id=\"606d68b\" data-element_type=\"column\">\n\t\t\t<div class=\"elementor-widget-wrap elementor-element-populated\">\n\t\t\t\t\t\t<div class=\"elementor-element elementor-element-2d3a573 uael-gf-ajax-yes uael-gf-style-box uael-gf-input-size-sm uael-gf-enable-classes-no uael-gf-button-left uael-gf-btn-size-sm elementor-widget elementor-widget-uael-gf-styler\" data-id=\"2d3a573\" data-element_type=\"widget\" data-widget_type=\"uael-gf-styler.default\">\n\t\t\t\t<div class=\"elementor-widget-container\">\n\t\t\t\t\t<div class=\"uael-gf-style uael-gf-check-style elementor-clickable\">\n\t<script>\nvar gform;gform||(document.addEventListener(\"gform_main_scripts_loaded\",function(){gform.scriptsLoaded=!0}),document.addEventListener(\"gform\/theme\/scripts_loaded\",function(){gform.themeScriptsLoaded=!0}),window.addEventListener(\"DOMContentLoaded\",function(){gform.domLoaded=!0}),gform={domLoaded:!1,scriptsLoaded:!1,themeScriptsLoaded:!1,isFormEditor:()=>\"function\"==typeof InitializeEditor,callIfLoaded:function(o){return!(!gform.domLoaded||!gform.scriptsLoaded||!gform.themeScriptsLoaded&&!gform.isFormEditor()||(gform.isFormEditor()&&console.warn(\"The use of gform.initializeOnLoaded() is deprecated in the form editor context and will be removed in Gravity Forms 3.1.\"),o(),0))},initializeOnLoaded:function(o){gform.callIfLoaded(o)||(document.addEventListener(\"gform_main_scripts_loaded\",()=>{gform.scriptsLoaded=!0,gform.callIfLoaded(o)}),document.addEventListener(\"gform\/theme\/scripts_loaded\",()=>{gform.themeScriptsLoaded=!0,gform.callIfLoaded(o)}),window.addEventListener(\"DOMContentLoaded\",()=>{gform.domLoaded=!0,gform.callIfLoaded(o)}))},hooks:{action:{},filter:{}},addAction:function(o,r,e,t){gform.addHook(\"action\",o,r,e,t)},addFilter:function(o,r,e,t){gform.addHook(\"filter\",o,r,e,t)},doAction:function(o){gform.doHook(\"action\",o,arguments)},applyFilters:function(o){return gform.doHook(\"filter\",o,arguments)},removeAction:function(o,r){gform.removeHook(\"action\",o,r)},removeFilter:function(o,r,e){gform.removeHook(\"filter\",o,r,e)},addHook:function(o,r,e,t,n){null==gform.hooks[o][r]&&(gform.hooks[o][r]=[]);var d=gform.hooks[o][r];null==n&&(n=r+\"_\"+d.length),gform.hooks[o][r].push({tag:n,callable:e,priority:t=null==t?10:t})},doHook:function(r,o,e){var t;if(e=Array.prototype.slice.call(e,1),null!=gform.hooks[r][o]&&((o=gform.hooks[r][o]).sort(function(o,r){return o.priority-r.priority}),o.forEach(function(o){\"function\"!=typeof(t=o.callable)&&(t=window[t]),\"action\"==r?t.apply(null,e):e[0]=t.apply(null,e)})),\"filter\"==r)return e[0]},removeHook:function(o,r,t,n){var e;null!=gform.hooks[o][r]&&(e=(e=gform.hooks[o][r]).filter(function(o,r,e){return!!(null!=n&&n!=o.tag||null!=t&&t!=o.priority)}),gform.hooks[o][r]=e)}});\n<\/script>\n\n                <div class='gf_browser_chrome gform_wrapper gravity-theme gform-theme--no-framework' data-form-theme='gravity-theme' data-form-index='0' id='gform_wrapper_3' ><div id='gf_3' class='gform_anchor' tabindex='-1'><\/div><form method='post' enctype='multipart\/form-data' target='gform_ajax_frame_3' id='gform_3'  action='\/pt\/wp-json\/wp\/v2\/pages\/9720#gf_3' data-formid='3' novalidate data-trp-original-action=\"\/pt\/wp-json\/wp\/v2\/pages\/9720#gf_3\">\n                        <div class='gform-body gform_body'><div id='gform_fields_3' class='gform_fields top_label form_sublabel_below description_below validation_below'><div id=\"field_3_1\" class=\"gfield gfield--type-survey gfield--input-type-likert gfield--width-full gfield_contains_required field_sublabel_below gfield--no-description field_description_below field_validation_below gfield_visibility_visible gsurvey-survey-field\"  data-field-class=\"gsurvey-survey-field\" data-js-reload=\"field_3_1\" ><label class='gfield_label gform-field-label gfield_label_before_complex' >Satisfa\u00e7\u00e3o Geral<span class=\"gfield_required\"><span class=\"gfield_required gfield_required_text\">(Required)<\/span><\/span><\/label><div class='ginput_container ginput_container_likert'><table aria-label='Satisfa\u00e7\u00e3o Geral' class='gsurvey-likert' id='input_3_1'><thead><tr><td scope='col' class='gsurvey-likert-row-label'><\/td><th id='likert_col_1_3_1' scope='col'  class='gsurvey-likert-choice-label'>Excelente<\/th><th id='likert_col_2_3_1' scope='col'  class='gsurvey-likert-choice-label'>Satisfeito\/a<\/th><th id='likert_col_3_3_1' scope='col'  class='gsurvey-likert-choice-label'>Neutro(a)<\/th><th id='likert_col_4_3_1' scope='col'  class='gsurvey-likert-choice-label'>Insatisfeito(a)<\/th><th id='likert_col_5_3_1' scope='col'  class='gsurvey-likert-choice-label'>Muito Insatisfeito(a)<\/th><\/tr><\/thead><tbody><tr><td id='likert_row_1_3_1' data-label='' class='gsurvey-likert-row-label'>Qual o seu n\u00edvel de satisfa\u00e7\u00e3o com os v\u00eddeos do curso?<\/td><td data-label='Excelente' class='gsurvey-likert-choice'><input name='input_1.1' type='radio' value='glikertrow106b3b9d:glikertcol18b0a806a'  id='choice_3_1_1_1'  tabindex='1'  aria-labelledby='likert_row_1_3_1 likert_col_1_3_1'\/><\/td><td data-label='Satisfecho' class='gsurvey-likert-choice'><input name='input_1.1' type='radio' value='glikertrow106b3b9d:glikertcol19e454f7b'  id='choice_3_1_1_2'  tabindex='2'  aria-labelledby='likert_row_1_3_1 likert_col_2_3_1'\/><\/td><td data-label='Neutral' class='gsurvey-likert-choice'><input name='input_1.1' type='radio' value='glikertrow106b3b9d:glikertcol13b15ece1'  id='choice_3_1_1_3'  tabindex='3'  aria-labelledby='likert_row_1_3_1 likert_col_3_3_1'\/><\/td><td data-label='Insatisfecha\/o' class='gsurvey-likert-choice'><input name='input_1.1' type='radio' value='glikertrow106b3b9d:glikertcol189f8c7d8'  id='choice_3_1_1_4'  tabindex='4'  aria-labelledby='likert_row_1_3_1 likert_col_4_3_1'\/><\/td><td data-label='Muy insatisfecha\/o' class='gsurvey-likert-choice'><input name='input_1.1' type='radio' value='glikertrow106b3b9d:glikertcol1d6510c2d'  id='choice_3_1_1_5'  tabindex='5'  aria-labelledby='likert_row_1_3_1 likert_col_5_3_1'\/><\/td><\/tr><tr><td id='likert_row_2_3_1' data-label='' class='gsurvey-likert-row-label'>Qual o seu grau de satisfa\u00e7\u00e3o sobre os encontros online (Zoom)?<\/td><td data-label='Excelente' class='gsurvey-likert-choice'><input name='input_1.2' type='radio' value='glikertrowdb039bd7:glikertcol18b0a806a'  id='choice_3_1_2_1'  tabindex='6'  aria-labelledby='likert_row_2_3_1 likert_col_1_3_1'\/><\/td><td data-label='Satisfecho' class='gsurvey-likert-choice'><input name='input_1.2' type='radio' value='glikertrowdb039bd7:glikertcol19e454f7b'  id='choice_3_1_2_2'  tabindex='7'  aria-labelledby='likert_row_2_3_1 likert_col_2_3_1'\/><\/td><td data-label='Neutral' class='gsurvey-likert-choice'><input name='input_1.2' type='radio' value='glikertrowdb039bd7:glikertcol13b15ece1'  id='choice_3_1_2_3'  tabindex='8'  aria-labelledby='likert_row_2_3_1 likert_col_3_3_1'\/><\/td><td data-label='Insatisfecha\/o' class='gsurvey-likert-choice'><input name='input_1.2' type='radio' value='glikertrowdb039bd7:glikertcol189f8c7d8'  id='choice_3_1_2_4'  tabindex='9'  aria-labelledby='likert_row_2_3_1 likert_col_4_3_1'\/><\/td><td data-label='Muy insatisfecha\/o' class='gsurvey-likert-choice'><input name='input_1.2' type='radio' value='glikertrowdb039bd7:glikertcol1d6510c2d'  id='choice_3_1_2_5'  tabindex='10'  aria-labelledby='likert_row_2_3_1 likert_col_5_3_1'\/><\/td><\/tr><\/tbody><\/table><\/div><\/div><div id=\"field_3_2\" class=\"gfield gfield--type-textarea gfield--width-full field_sublabel_below gfield--no-description field_description_below field_validation_below gfield_visibility_visible\"  data-js-reload=\"field_3_2\" ><label class='gfield_label gform-field-label' for='input_3_2'>Deixe aqui seu depoimento e\/ou coment\u00e1rios<\/label><div class='ginput_container ginput_container_textarea'><textarea name='input_2' id='input_3_2' class='textarea large' tabindex='11'     aria-invalid=\"false\"   rows='10' cols='50'><\/textarea><\/div><\/div><div id=\"field_3_5\" class=\"gfield gfield--type-textarea gfield--width-full field_sublabel_below gfield--no-description field_description_below field_validation_below gfield_visibility_visible\"  data-js-reload=\"field_3_5\" ><label class='gfield_label gform-field-label' for='input_3_5'>Se desejar, compartilhe conosco a\u00e7\u00f5es de melhoria para nosso curso.<\/label><div class='ginput_container ginput_container_textarea'><textarea name='input_5' id='input_3_5' class='textarea large' tabindex='12'     aria-invalid=\"false\"   rows='10' cols='50'><\/textarea><\/div><\/div><div id=\"field_3_3\" class=\"gfield gfield--type-email gfield--width-full field_sublabel_below gfield--no-description field_description_below field_validation_below gfield_visibility_visible\"  data-js-reload=\"field_3_3\" ><label class='gfield_label gform-field-label' for='input_3_3'>Poderia informar seu email (Opcional)<\/label><div class='ginput_container ginput_container_email'>\n                            <input name='input_3' id='input_3_3' type='email' value='' class='large' tabindex='13'    aria-invalid=\"false\"  \/>\n                        <\/div><\/div><\/div><\/div>\n        <div class='gform-footer gform_footer top_label'> <input type='submit' id='gform_submit_button_3' class='gform_button button' onclick='gform.submission.handleButtonClick(this);' data-submission-type='submit' value='Enviar' tabindex='14' \/> <input type='hidden' name='gform_ajax' value='form_id=3&amp;title=&amp;description=&amp;tabindex=1&amp;theme=gravity-theme&amp;styles=[]&amp;hash=ea1107474f056d881510634ca42e4a8a' \/>\n            <input type='hidden' class='gform_hidden' name='gform_submission_method' data-js='gform_submission_method_3' value='iframe' \/>\n            <input type='hidden' class='gform_hidden' name='gform_theme' data-js='gform_theme_3' id='gform_theme_3' value='gravity-theme' \/>\n            <input type='hidden' class='gform_hidden' name='gform_style_settings' data-js='gform_style_settings_3' id='gform_style_settings_3' value='[]' \/>\n            <input type='hidden' class='gform_hidden' name='is_submit_3' value='1' \/>\n            <input type='hidden' class='gform_hidden' name='gform_submit' value='3' \/>\n            \n            <input type='hidden' class='gform_hidden' name='gform_unique_id' value='' \/>\n            <input type='hidden' class='gform_hidden' name='state_3' value='WyJbXSIsIjhmMGQwY2NhMDI0YjQyMzM2NmRlODFhNTE5ZTIxNjUxIl0=' \/>\n            <input type='hidden' autocomplete='off' class='gform_hidden' name='gform_target_page_number_3' id='gform_target_page_number_3' value='0' \/>\n            <input type='hidden' autocomplete='off' class='gform_hidden' name='gform_source_page_number_3' id='gform_source_page_number_3' value='1' \/>\n            <input type='hidden' name='gform_field_values' value='' \/>\n            \n        <\/div>\n                        <input type=\"hidden\" name=\"trp-form-language\" value=\"pt\"\/><\/form>\n                        <\/div>\n\t\t                <iframe style='display:none;width:0px;height:0px;' src='about:blank' name='gform_ajax_frame_3' id='gform_ajax_frame_3' title='This iframe contains the logic required to handle Ajax powered Gravity Forms.'><\/iframe>\n\t\t                <script>\ngform.initializeOnLoaded( function() {gformInitSpinner( 3, 'https:\/\/reformacioneconomica.bancaeticalat.com\/wp-content\/uploads\/sites\/10\/2022\/02\/loader1.gif', true );jQuery('#gform_ajax_frame_3').on('load',function(){var contents = jQuery(this).contents().find('*').html();var is_postback = contents.indexOf('GF_AJAX_POSTBACK') >= 0;if(!is_postback){return;}var form_content = jQuery(this).contents().find('#gform_wrapper_3');var is_confirmation = jQuery(this).contents().find('#gform_confirmation_wrapper_3').length > 0;var is_redirect = contents.indexOf('gformRedirect(){') >= 0;var is_form = form_content.length > 0 && ! is_redirect && ! is_confirmation;var mt = parseInt(jQuery('html').css('margin-top'), 10) + parseInt(jQuery('body').css('margin-top'), 10) + 100;if(is_form){jQuery('#gform_wrapper_3').html(form_content.html());if(form_content.hasClass('gform_validation_error')){jQuery('#gform_wrapper_3').addClass('gform_validation_error');} else {jQuery('#gform_wrapper_3').removeClass('gform_validation_error');}setTimeout( function() { \/* delay the scroll by 50 milliseconds to fix a bug in chrome *\/ jQuery(document).scrollTop(jQuery('#gform_wrapper_3').offset().top - mt); }, 50 );if(window['gformInitDatepicker']) {gformInitDatepicker();}if(window['gformInitPriceFields']) {gformInitPriceFields();}var current_page = jQuery('#gform_source_page_number_3').val();gformInitSpinner( 3, 'https:\/\/reformacioneconomica.bancaeticalat.com\/wp-content\/uploads\/sites\/10\/2022\/02\/loader1.gif', true );jQuery(document).trigger('gform_page_loaded', [3, current_page]);window['gf_submitting_3'] = false;}else if(!is_redirect){var confirmation_content = jQuery(this).contents().find('.GF_AJAX_POSTBACK').html();if(!confirmation_content){confirmation_content = contents;}jQuery('#gform_wrapper_3').replaceWith(confirmation_content);jQuery(document).scrollTop(jQuery('#gf_3').offset().top - mt);jQuery(document).trigger('gform_confirmation_loaded', [3]);window['gf_submitting_3'] = false;wp.a11y.speak(jQuery('#gform_confirmation_message_3').text());}else{jQuery('#gform_3').append(contents);if(window['gformRedirect']) {gformRedirect();}}jQuery(document).trigger(\"gform_pre_post_render\", [{ formId: \"3\", currentPage: \"current_page\", abort: function() { this.preventDefault(); } }]);                if (event && event.defaultPrevented) {                return;         }        const gformWrapperDiv = document.getElementById( \"gform_wrapper_3\" );        if ( gformWrapperDiv ) {            const visibilitySpan = document.createElement( \"span\" );            visibilitySpan.id = \"gform_visibility_test_3\";            gformWrapperDiv.insertAdjacentElement( \"afterend\", visibilitySpan );        }        const visibilityTestDiv = document.getElementById( \"gform_visibility_test_3\" );        let postRenderFired = false;                function triggerPostRender() {            if ( postRenderFired ) {                return;            }            postRenderFired = true;            gform.core.triggerPostRenderEvents( 3, current_page );            if ( visibilityTestDiv ) {                visibilityTestDiv.parentNode.removeChild( visibilityTestDiv );            }        }        function debounce( func, wait, immediate ) {            var timeout;            return function() {                var context = this, args = arguments;                var later = function() {                    timeout = null;                    if ( !immediate ) func.apply( context, args );                };                var callNow = immediate && !timeout;                clearTimeout( timeout );                timeout = setTimeout( later, wait );                if ( callNow ) func.apply( context, args );            };        }        const debouncedTriggerPostRender = debounce( function() {            triggerPostRender();        }, 200 );        if ( visibilityTestDiv && visibilityTestDiv.offsetParent === null ) {            const observer = new MutationObserver( ( mutations ) => {                mutations.forEach( ( mutation ) => {                    if ( mutation.type === 'attributes' && visibilityTestDiv.offsetParent !== null ) {                        debouncedTriggerPostRender();                        observer.disconnect();                    }                });            });            observer.observe( document.body, {                attributes: true,                childList: false,                subtree: true,                attributeFilter: [ 'style', 'class' ],            });        } else {            triggerPostRender();        }    } );} );\n<\/script>\n\n<\/div>\n\t\t\t\t<\/div>\n\t\t\t\t<\/div>\n\t\t\t\t\t<\/div>\n\t\t<\/div>\n\t\t\t\t\t<\/div>\n\t\t<\/section>\n\t\t\t\t<\/div>","protected":false},"excerpt":{"rendered":"<p>Estamos muy felices de que hayas compartido este viaje con nosotros. A continuaci\u00f3n te invitamos a responder una encuesta que nos ayudar\u00e1 a mejorar las siguientes versiones. Satisfacci\u00f3n General* Excelente Satisfecho Neutral Insatisfecha\/o Muy insatisfecha\/o \u00bfC\u00f3mo te sientes con respecto a los videos del curso? \u00bfC\u00f3mo te sientes luego de encuentros online (Zoom)? Dejanos aqu\u00ed [&hellip;]<\/p>","protected":false},"author":4,"featured_media":0,"parent":0,"menu_order":0,"comment_status":"closed","ping_status":"closed","template":"","meta":{"footnotes":""},"class_list":["post-9720","page","type-page","status-publish","hentry"],"jetpack_sharing_enabled":true,"_links":{"self":[{"href":"https:\/\/reformacioneconomica.bancaeticalat.com\/pt\/wp-json\/wp\/v2\/pages\/9720","targetHints":{"allow":["GET"]}}],"collection":[{"href":"https:\/\/reformacioneconomica.bancaeticalat.com\/pt\/wp-json\/wp\/v2\/pages"}],"about":[{"href":"https:\/\/reformacioneconomica.bancaeticalat.com\/pt\/wp-json\/wp\/v2\/types\/page"}],"author":[{"embeddable":true,"href":"https:\/\/reformacioneconomica.bancaeticalat.com\/pt\/wp-json\/wp\/v2\/users\/4"}],"replies":[{"embeddable":true,"href":"https:\/\/reformacioneconomica.bancaeticalat.com\/pt\/wp-json\/wp\/v2\/comments?post=9720"}],"version-history":[{"count":0,"href":"https:\/\/reformacioneconomica.bancaeticalat.com\/pt\/wp-json\/wp\/v2\/pages\/9720\/revisions"}],"wp:attachment":[{"href":"https:\/\/reformacioneconomica.bancaeticalat.com\/pt\/wp-json\/wp\/v2\/media?parent=9720"}],"curies":[{"name":"wp","href":"https:\/\/api.w.org\/{rel}","templated":true}]}}